{"id":294,"date":"2024-11-20T15:52:32","date_gmt":"2024-11-20T15:52:32","guid":{"rendered":"https:\/\/dsmotorsport.es\/?page_id=294"},"modified":"2024-11-20T16:00:47","modified_gmt":"2024-11-20T16:00:47","slug":"politica-de-garantia","status":"publish","type":"page","link":"https:\/\/dsmotorsport.es\/en\/politica-de-garantia\/","title":{"rendered":"Warranty policy"},"content":{"rendered":"<div data-elementor-type=\"wp-page\" data-elementor-id=\"294\" class=\"elementor elementor-294\" data-elementor-post-type=\"page\">\n\t\t\t\t<div class=\"elementor-element elementor-element-7180e25 e-flex e-con-boxed e-con e-parent\" data-id=\"7180e25\" data-element_type=\"container\" data-e-type=\"container\" data-settings=\"{&quot;background_background&quot;:&quot;classic&quot;}\">\n\t\t\t\t\t<div class=\"e-con-inner\">\n\t\t<div class=\"elementor-element elementor-element-886f792 e-flex e-con-boxed e-con e-child\" data-id=\"886f792\" data-element_type=\"container\" data-e-type=\"container\">\n\t\t\t\t\t<div class=\"e-con-inner\">\n\t\t\t\t<div class=\"elementor-element elementor-element-cadae46 elementor-widget elementor-widget-heading\" data-id=\"cadae46\" data-element_type=\"widget\" data-e-type=\"widget\" data-widget_type=\"heading.default\">\n\t\t\t\t<div class=\"elementor-widget-container\">\n\t\t\t\t\t<h1 class=\"elementor-heading-title elementor-size-default\">Warranty policy<\/h1>\t\t\t\t<\/div>\n\t\t\t\t<\/div>\n\t\t\t\t\t<\/div>\n\t\t\t\t<\/div>\n\t\t\t\t\t<\/div>\n\t\t\t\t<\/div>\n\t\t<div class=\"elementor-element elementor-element-ca162bd e-flex e-con-boxed e-con e-parent\" data-id=\"ca162bd\" data-element_type=\"container\" data-e-type=\"container\">\n\t\t\t\t\t<div class=\"e-con-inner\">\n\t\t\t\t<div class=\"elementor-element elementor-element-7be6044 elementor-widget elementor-widget-heading\" data-id=\"7be6044\" data-element_type=\"widget\" data-e-type=\"widget\" data-widget_type=\"heading.default\">\n\t\t\t\t<div class=\"elementor-widget-container\">\n\t\t\t\t\t<h2 class=\"elementor-heading-title elementor-size-default\">CONDICIONADO Y POLITICA DE GARANTIA PARA SUSTITUCION Y REPARACION DE\nMOTORES.<\/h2>\t\t\t\t<\/div>\n\t\t\t\t<\/div>\n\t\t\t\t<div class=\"elementor-element elementor-element-8decb66 elementor-widget elementor-widget-text-editor\" data-id=\"8decb66\" data-element_type=\"widget\" data-e-type=\"widget\" data-widget_type=\"text-editor.default\">\n\t\t\t\t<div class=\"elementor-widget-container\">\n\t\t\t\t\t\t\t\t\t<p>Presupuesto sujeto a variaci\u00f3n .Recambio usado ofertado sujeto a disponibilidad en el momento de la acepetaci\u00f3n<br \/>del presupuesto. Validez del presupuesto 48h.<br \/>&#8211; Garant\u00eda de recambios usados sujetas a condiciones especiales. La garant\u00eda del recambio usado est\u00e1 sujeto a<br \/>disponibilidad reposici\u00f3n del recambio por parte del proveedor donde se adquir\u00edo inicialmente.<br \/>&#8211; En ning\u00fan caso se establece compromiso de plazo alguno para la realizaci\u00f3n de la reparaci\u00f3n. As\u00ed como para<br \/>cualquiera de las garant\u00edas que est\u00e9na cargo del taller para la resoluci\u00f3n de problemas derivados de la reparaci\u00f3n.<br \/>&#8211; Esta reparaci\u00f3n no establece v\u00ednculo alguno con ninguna otra aver\u00eda que pueda surgir en el veh\u00edculo y que sean<br \/>ajenas a la sustituci\u00f3n del motor. Del mismo modo aplicables para sus relativas garant\u00edas y plazos de entregas que<br \/>se tratar\u00e1n del mismo modo que en lo relativo a recambios usados que est\u00e1n sujetos a condiciones especiales.<br \/>&#8211; Es requisito indispensable para la tramitaci\u00f3n de cualquier tipo de garant\u00eda o actuaci\u00f3n de responsabilidad por<br \/>parte de DS Motorsport E.S.P.J., que sean tratados y resueltos en nuestras instalaciones. No se atender\u00e1 ninguna<br \/>reclamaci\u00f3n que no sea previamente tratada y autorizada por nuestro establecimiento.<br \/>-La aceptaci\u00f3n del presupuesto, se vincula de forma directa con la aceptaci\u00f3n de las condiciones anteriormente<br \/>expuestas.<br \/>-Se realizar\u00e1 un mantenimiento a los 10.000km del montaje del motor.<br \/>-No se atender\u00e1 ning\u00fan tipo de garant\u00eda sin la aportaci\u00f3n de documentaci\u00f3n y justificaci\u00f3n de los mantenimientos<br \/>debidamente realizados cada 20.000km.<br \/>-La fecha de garant\u00eda v\u00e1lida para posibles reclamaciones comienza a contar desde el primer montaje realizado<br \/>inicialmente.<br \/>-El taller se reserva el derecho de atenci\u00f3n de posibles garant\u00edas a la disponibilidad de nuestro propio<br \/>establecimiento y no se podr\u00e1n atender ning\u00fan tipo de garant\u00eda en un establecimiento ajeno al nuestro salvo<br \/>autorizaci\u00f3n expresa de DS Motorsport E.S.P.J.MOTORES.<\/p>\t\t\t\t\t\t\t\t<\/div>\n\t\t\t\t<\/div>\n\t\t\t\t<div class=\"elementor-element elementor-element-862169e elementor-widget elementor-widget-heading\" data-id=\"862169e\" data-element_type=\"widget\" data-e-type=\"widget\" data-widget_type=\"heading.default\">\n\t\t\t\t<div class=\"elementor-widget-container\">\n\t\t\t\t\t<h2 class=\"elementor-heading-title elementor-size-default\">CONDICIONADO Y POLITICA DE GARANTIA PARA RECAMBIOS USADOSMOTORES.<\/h2>\t\t\t\t<\/div>\n\t\t\t\t<\/div>\n\t\t\t\t<div class=\"elementor-element elementor-element-8735856 elementor-widget elementor-widget-text-editor\" data-id=\"8735856\" data-element_type=\"widget\" data-e-type=\"widget\" data-widget_type=\"text-editor.default\">\n\t\t\t\t<div class=\"elementor-widget-container\">\n\t\t\t\t\t\t\t\t\t<p>Presupuesto sujeto a variaci\u00f3n. Recambio usado ofertado sujeto a disponibilidad en el momento de la acepetaci\u00f3n<br \/>del presupuesto. Validez del presupuesto 48h.<br \/>&#8211; Garant\u00eda de recambios usados sujetas a condiciones especiales. La garant\u00eda del recambio usado est\u00e1 sujeto a<br \/>disponibilidad reposici\u00f3n del recambio por parte del proveedor donde se adquir\u00edo inicialmente.<br \/>&#8211; En ning\u00fan caso se establece compromiso de plazo alguno para la realizaci\u00f3n de la reparaci\u00f3n. As\u00ed como para<br \/>cualquiera de las garant\u00edas que est\u00e9na cargo del taller para la resoluci\u00f3n de problemas derivados de la reparaci\u00f3n.<br \/>&#8211; Esta reparaci\u00f3n no establece v\u00ednculo alguno con ninguna otra aver\u00eda que pueda surgir en el veh\u00edculo y que sean<br \/>ajenas a la sustituci\u00f3n del motor. Del mismo modo aplicables para sus relativas garant\u00edas y plazos de entregas que<br \/>se tratar\u00e1n del mismo modo que en lo relativo a recambios usados que est\u00e1n sujetos a condiciones especiales.<br \/>&#8211; Es requisito indispensable para la tramitaci\u00f3n de cualquier tipo de garant\u00eda o actuaci\u00f3n de responsabilidad por<br \/>parte de DS Motorsport E.S.P.J., que sean tratados y resueltos en nuestras instalaciones. No se atender\u00e1 ninguna<br \/>reclamaci\u00f3n que no sea previamente tratada y autorizada por nuestro establecimiento.<br \/>-La aceptaci\u00f3n del presupuesto, se vincula de forma directa con la aceptaci\u00f3n de las condiciones anteriormente<br \/>expuestas.<br \/>-Se realizar\u00e1 un mantenimiento a los 10.000km del montaje del motor.<br \/>-No se atender\u00e1 ning\u00fan tipo de garant\u00eda sin la aportaci\u00f3n de documentaci\u00f3n y justificaci\u00f3n de los mantenimientos<br \/>debidamente realizados cada 20.000km.<br \/>-La fecha de garant\u00eda v\u00e1lida para posibles reclamaciones comienza a contar desde el primer montaje realizado<br \/>inicialmente.<br \/>-El taller se reserva el derecho de atenci\u00f3n de posibles garant\u00edas a la disponibilidad de nuestro propio<br \/>establecimiento y no se podr\u00e1n atender ning\u00fan tipo de garant\u00eda en un establecimiento ajeno al nuestro salvo<br \/>autorizaci\u00f3n expresa de DS Motorsport E.S.P.J.<\/p>\t\t\t\t\t\t\t\t<\/div>\n\t\t\t\t<\/div>\n\t\t\t\t\t<\/div>\n\t\t\t\t<\/div>\n\t\t\t\t<\/div>","protected":false},"excerpt":{"rendered":"<p>CONDICIONADO Y POLITICA DE GARANTIA PARA SUSTITUCION Y REPARACION DE MOTORES. Presupuesto sujeto a variaci\u00f3n .Recambio usado ofertado sujeto a disponibilidad en el momento de la acepetaci\u00f3ndel presupuesto. Validez del presupuesto 48h.&#8211; Garant\u00eda de recambios usados sujetas a condiciones especiales. La garant\u00eda del recambio usado est\u00e1 sujeto adisponibilidad reposici\u00f3n del recambio por parte del proveedor [&hellip;]<\/p>","protected":false},"author":1,"featured_media":0,"parent":0,"menu_order":0,"comment_status":"closed","ping_status":"closed","template":"elementor_header_footer","meta":{"footnotes":""},"class_list":["post-294","page","type-page","status-publish","hentry"],"_links":{"self":[{"href":"https:\/\/dsmotorsport.es\/en\/wp-json\/wp\/v2\/pages\/294"}],"collection":[{"href":"https:\/\/dsmotorsport.es\/en\/wp-json\/wp\/v2\/pages"}],"about":[{"href":"https:\/\/dsmotorsport.es\/en\/wp-json\/wp\/v2\/types\/page"}],"author":[{"embeddable":true,"href":"https:\/\/dsmotorsport.es\/en\/wp-json\/wp\/v2\/users\/1"}],"replies":[{"embeddable":true,"href":"https:\/\/dsmotorsport.es\/en\/wp-json\/wp\/v2\/comments?post=294"}],"version-history":[{"count":7,"href":"https:\/\/dsmotorsport.es\/en\/wp-json\/wp\/v2\/pages\/294\/revisions"}],"predecessor-version":[{"id":303,"href":"https:\/\/dsmotorsport.es\/en\/wp-json\/wp\/v2\/pages\/294\/revisions\/303"}],"wp:attachment":[{"href":"https:\/\/dsmotorsport.es\/en\/wp-json\/wp\/v2\/media?parent=294"}],"curies":[{"name":"wp","href":"https:\/\/api.w.org\/{rel}","templated":true}]}}